{"id":975,"date":"2021-06-07T10:23:58","date_gmt":"2021-06-07T10:23:58","guid":{"rendered":"https:\/\/aks-kerpen.de\/wordpress\/?page_id=975"},"modified":"2023-07-24T09:04:29","modified_gmt":"2023-07-24T09:04:29","slug":"allgemeines","status":"publish","type":"page","link":"https:\/\/aks-kerpen.de\/wordpress\/allgemeines\/","title":{"rendered":"Allgemeines"},"content":{"rendered":"\n<p>Im Juni 2023 hat unsere Schule erneut das Siegel zur MINT-Hauptschule erhalten und ist somit f\u00fcr weitere drei Jahre rezertifiziert. Wir freuen uns sehr!<\/p>\n\n\n\n<figure class=\"wp-block-image size-large\"><img loading=\"lazy\" decoding=\"async\" width=\"199\" height=\"161\" src=\"https:\/\/aks-kerpen.de\/wordpress\/wp-content\/uploads\/2020\/02\/MINT1.jpg\" alt=\"\" class=\"wp-image-264\" \/><\/figure>\n\n\n\n<p>Seit dem 23. Mai 2014 ist unsere Schule MINT-Hauptschule.&nbsp;<br>Die Anerkennung als MINT \u2013Hauptschule setzt voraus, dass sich die Schule bereits ein \u00fcberdurchschnittliches Engagement in den F\u00e4chern Mathematik, Informatik, Naturwissenschaften und Technik.<br>Schulen, die dieses G\u00fctesiegel bekommen m\u00f6chten, m\u00fcssen in ihrer Bewerbung beweisen, dass sie in diesen Schulf\u00e4chern Au\u00dfergew\u00f6hnliches leisten.<br>Die Adolph-Kolping Schule hat sich den Schwerpunkt Natur und Technik gesetzt.<\/p>\n\n\n\n<p>Im Fach Mathematik wird dies erreicht durch eine erh\u00f6hte Fachstundenzahl im Rahmen des Ganztagsunterrichts und mit zus\u00e4tzlichen F\u00f6rderstunden in Kleingruppen. Die Schule nimmt j\u00e4hrlich am Mathematikwettbewerb PANGEA teil.<br>Das Fach Informatik wird in allen Jahrgangstufen fach\u00fcbergreifend bearbeitet. Am Ende der Schulzeit bekommt jeder Sch\u00fcler einen Medienpass.<br>Die naturwissenschaftlichen F\u00e4cher werden \u00fcberwiegend handlungsorientiert unterrichtet. Insbesondere im Fach Biologie legt die Schule gro\u00dfen Wert auf den Unterricht an au\u00dferschulischen Lernorten, wie direkt z.B. in der Natur. Das Fach Biologie spielt ferner eine gro\u00dfe Rolle bei der Thematik der Gesundheitsvorsorge. <br>Die Verkn\u00fcpfung mit den naturwissenschaftlichen F\u00e4chern wird stark verfolgt. Dies wird auch immer wieder an Projekttagen und -wochen deutlich, an denen die Sch\u00fclerinnen und Sch\u00fcler sich beispielsweise mit dem Bau einer Leonardo Br\u00fccke besch\u00e4ftigen.<\/p>\n\n\n\n<p>Abgerundet werden diese Angebote mit einer Reihe von AGs, die die Sch\u00fcler frei w\u00e4hlen k\u00f6nnen.<br>Durch die Aufnahme in das Programm werden MINT-Schule-NRW durch gezielte Fortbildungsma\u00dfnahmen und Praktika f\u00fcr Lehrkr\u00e4fte sowie MINT-Camps und Berufsparcours f\u00fcr Sch\u00fclerinnen und Sch\u00fcler unterst\u00fctzt.<br>Das MINT-Siegel wird f\u00fcr drei Jahre verliehen, danach besteht die M\u00f6glichkeit zur Rezertifizierung.<\/p>\n","protected":false},"excerpt":{"rendered":"<p>Im Juni 2023 hat unsere Schule erneut das Siegel zur MINT-Hauptschule erhalten und ist somit f\u00fcr weitere drei Jahre rezertifiziert. Wir freuen uns sehr! Seit dem 23. Mai 2014 ist unsere Schule MINT-Hauptschule.&nbsp;Die Anerkennung als MINT \u2013Hauptschule setzt voraus, dass sich die Schule bereits ein \u00fcberdurchschnittliches Engagement in den F\u00e4chern Mathematik, Informatik, Naturwissenschaften und Technik.Schulen, [&hellip;]<\/p>\n","protected":false},"author":1,"featured_media":0,"parent":0,"menu_order":0,"comment_status":"closed","ping_status":"closed","template":"","meta":{"footnotes":""},"class_list":["post-975","page","type-page","status-publish","hentry"],"_links":{"self":[{"href":"https:\/\/aks-kerpen.de\/wordpress\/wp-json\/wp\/v2\/pages\/975","targetHints":{"allow":["GET"]}}],"collection":[{"href":"https:\/\/aks-kerpen.de\/wordpress\/wp-json\/wp\/v2\/pages"}],"about":[{"href":"https:\/\/aks-kerpen.de\/wordpress\/wp-json\/wp\/v2\/types\/page"}],"author":[{"embeddable":true,"href":"https:\/\/aks-kerpen.de\/wordpress\/wp-json\/wp\/v2\/users\/1"}],"replies":[{"embeddable":true,"href":"https:\/\/aks-kerpen.de\/wordpress\/wp-json\/wp\/v2\/comments?post=975"}],"version-history":[{"count":0,"href":"https:\/\/aks-kerpen.de\/wordpress\/wp-json\/wp\/v2\/pages\/975\/revisions"}],"wp:attachment":[{"href":"https:\/\/aks-kerpen.de\/wordpress\/wp-json\/wp\/v2\/media?parent=975"}],"curies":[{"name":"wp","href":"https:\/\/api.w.org\/{rel}","templated":true}]}}