{"id":69,"date":"2018-11-28T16:10:43","date_gmt":"2018-11-28T16:10:43","guid":{"rendered":"https:\/\/aks-kerpen.de\/wordpress\/?page_id=69"},"modified":"2025-10-28T11:49:20","modified_gmt":"2025-10-28T11:49:20","slug":"impressum","status":"publish","type":"page","link":"https:\/\/aks-kerpen.de\/wordpress\/impressum\/","title":{"rendered":"Impressum"},"content":{"rendered":"\n<h2 class=\"wp-block-heading\">Adolph-Kolping-Schule Kerpen<br><\/h2>\n\n\n<div class=\"wp-block-image\">\n<figure class=\"alignright size-full is-resized\"><img loading=\"lazy\" decoding=\"async\" width=\"1024\" height=\"105\" src=\"https:\/\/aks-kerpen.de\/wordpress\/wp-content\/uploads\/2018\/11\/AKS-Kopf-Grafik-GIF.jpg\" alt=\"\" class=\"wp-image-79\" style=\"width:644px;height:auto\" srcset=\"https:\/\/aks-kerpen.de\/wordpress\/wp-content\/uploads\/2018\/11\/AKS-Kopf-Grafik-GIF.jpg 1024w, https:\/\/aks-kerpen.de\/wordpress\/wp-content\/uploads\/2018\/11\/AKS-Kopf-Grafik-GIF-300x31.jpg 300w, https:\/\/aks-kerpen.de\/wordpress\/wp-content\/uploads\/2018\/11\/AKS-Kopf-Grafik-GIF-768x79.jpg 768w\" sizes=\"auto, (max-width: 1024px) 100vw, 1024px\" \/><\/figure><\/div>\n\n\n<h2 class=\"wp-block-heading\">Schulleitung<\/h2>\n\n\n\n<p>Frau Judith Kissenk\u00f6tter<\/p>\n\n\n\n<h2 class=\"wp-block-heading\">Kontakt<br><\/h2>\n\n\n\n<p>Schulstra\u00dfe 32<br>50171 Kerpen<br>Telefon: 02237\/3512<br>&#x73;e&#x6b;&#114;&#x65;&#116;&#x61;&#x72;i&#x61;&#116;&#x40;&#97;&#x6b;&#115;-&#x6b;&#101;&#x72;&#112;&#x65;&#110;&#46;&#x64;&#101;<br><\/p>\n\n\n\n<p>Die Adolph-Kolping-Schule Kerpen ist eine K\u00f6rperschaft des \u00d6ffentlichen Rechts.<br>Sie wird durch die Schulleitung gesetzlich vertreten.<\/p>\n\n\n\n<h2 class=\"wp-block-heading\">Schultr\u00e4ger (Diensteanbieter im Sinne des TMG)<\/h2>\n\n\n\n<p>Kolpingstadt Kerpen, vertreten durch&nbsp;den B\u00fcrgermeister Dieter Sp\u00fcrck<br>Jahnplatz 1, 50171 Kerpen<br>Tel. 02237\/58-0<br>E-Mail: &#98;&#x75;e&#x72;g&#101;&#x72;&#109;&#x65;i&#115;&#x74;&#101;&#x72;&#64;&#x73;&#x74;&#97;&#x64;t&#x2d;k&#101;&#x72;&#112;&#x65;n&#46;&#x64;&#101;<\/p>\n\n\n\n<h1 class=\"wp-block-heading\">Urheberrecht<\/h1>\n\n\n\n<p>Texte, Bilder, Grafiken und Fotos sowie\n die Gestaltung dieser Internetseiten unterliegen dem Urheberrecht. Sie \nd\u00fcrfen von Ihnen nur zum privaten und sonstigen eigenen Gebrauch im \nRahmen des \u00a7 53 Urheberrechtsgesetz (UrhG) ohne jede \u00c4nderung \nvervielf\u00e4ltigt werden. Eine Verbreitung von Kopien (analog oder \ndigital) oder Ausz\u00fcgen ist nur mit schriftlicher Genehmigung zul\u00e4ssig.\n Der Nachdruck und die Auswertung von Pressemitteilungen und Reden sind \nmit Quellenangabe gestattet. Texte, Bilder, Grafiken und sonstige \nMaterialien k\u00f6nnen ganz oder teilweise dem Urheberrecht Dritter \nunterliegen. Die Inhalte Dritter sind als solche kenntlich gemacht und \nd\u00fcrfen ohne Einwilligung des Rechteinhabers nicht vervielf\u00e4ltigt, \n\u00f6ffentlich zug\u00e4nglich gemacht oder \u00f6ffentlich wiedergegeben werden.<sup><a href=\"void(0)\">4<\/a><\/sup><\/p>\n\n\n\n<h1 class=\"wp-block-heading\">Haftung f\u00fcr Inhalte<\/h1>\n\n\n\n<p>Die Informationen, die Sie auf diesem \nInternetauftritt vorfinden, wurden nach bestem Wissen und Gewissen \nsorgf\u00e4ltig zusammengestellt und gepr\u00fcft. F\u00fcr die Richtigkeit, \nVollst\u00e4ndigkeit, Aktualit\u00e4t oder Qualit\u00e4t und jederzeitige \nVerf\u00fcgbarkeit der bereit gestellten Informationen wird jedoch keine \nGew\u00e4hr \u00fcbernommen. Diensteanbieter sind gem\u00e4\u00df \u00a7 7 Abs.1 TMG f\u00fcr \neigene Inhalte auf diesen Seiten nach den allgemeinen Gesetzen \nverantwortlich. Diensteanbieter sind jedoch nicht verpflichtet, \n\u00fcbermittelte oder gespeicherte fremde Informationen zu \u00fcberwachen oder\n nach Umst\u00e4nden zu forschen, die auf eine rechtswidrige T\u00e4tigkeit \nhinweisen. Verpflichtungen zur Entfernung oder Sperrung der Nutzung von \nInformationen nach den allgemeinen Gesetzen bleiben hiervon unber\u00fchrt.<\/p>\n\n\n\n<p>Dieser Internetauftritt enth\u00e4lt auch \nLinks oder Verweise auf Internetauftritte Dritter. Diese Links zu den \nInternetauftritten Dritter stellen keine Zustimmung zu deren Inhalten \ndurch den Herausgeber dar. F\u00fcr die Inhalte der externen Links sind die \njeweiligen Anbieter oder Betreiber (Urheber) der Seiten verantwortlich. \nMit den Links zu anderen Internetauftritten wird den Nutzern lediglich \nder Zugang zur Nutzung der Inhalte vermittelt. Die externen Links wurden\n zum Zeitpunkt der Linksetzung nach bestem Wissen und Gewissen auf \neventuelle Rechtsverst\u00f6\u00dfe \u00fcberpr\u00fcft. Eine st\u00e4ndige inhaltliche \n\u00dcberpr\u00fcfung der externen Links ist ohne konkrete Anhaltspunkte einer \nRechtsverletzung nicht m\u00f6glich. Bei Verlinkungen auf die Webseiten \nDritter, die au\u00dferhalb des Verantwortungsbereichs des Herausgebers \nliegen, w\u00fcrde eine Haftungsverpflichtung nur bestehen, wenn der \nHerausgeber von den rechtswidrigen Inhalten Kenntnis erlangen und es \ntechnisch m\u00f6glich und zumutbar w\u00e4re, die Nutzung dieser Inhalte zu \nverhindern. Sollten Sie der Ansicht sein, dass die verlinkten externen \nSeiten gegen geltendes Recht versto\u00dfen oder sonst unangemessene Inhalte \nhaben, so teilen Sie uns dies bitte mit.<\/p>\n\n\n\n<p>\n\u00a9 F\u00fcr die Ver\u00f6ffentlichung &#8211; gleich auf welchem Medium &#8211; aller Texte, \nBilder, Filme, Tonaufzeichnungen, Programme und der sonstigen Inhalte \nunserer Web-Seiten bedarf es der schriftlichen Genehmigung.\n\n<\/p>\n\n\n<div class=\"wp-block-image\">\n<figure class=\"aligncenter\"><img decoding=\"async\" src=\"https:\/\/aks-kerpen.de\/wordpress\/wp-content\/uploads\/2018\/11\/Logo-AKS.png\" alt=\"\" class=\"wp-image-80\" \/><\/figure><\/div>","protected":false},"excerpt":{"rendered":"<p>Adolph-Kolping-Schule Kerpen Schulleitung Frau Judith Kissenk\u00f6tter Kontakt Schulstra\u00dfe 3250171 KerpenTelefon: 02237\/3512 Die Adolph-Kolping-Schule Kerpen ist eine K\u00f6rperschaft des \u00d6ffentlichen Rechts.Sie wird durch die Schulleitung gesetzlich vertreten. Schultr\u00e4ger (Diensteanbieter im Sinne des TMG) Kolpingstadt Kerpen, vertreten durch&nbsp;den B\u00fcrgermeister Dieter Sp\u00fcrckJahnplatz 1, 50171 KerpenTel. 02237\/58-0E-Mail: &#x62;u&#x65;&#114;&#x67;&#101;r&#x6d;&#101;&#x69;&#115;t&#x65;&#114;&#x40;&#115;t&#x61;d&#x74;&#45;&#x6b;&#x65;r&#x70;&#101;&#x6e;&#46;d&#x65; Urheberrecht Texte, Bilder, Grafiken und Fotos sowie die Gestaltung dieser Internetseiten [&hellip;]<\/p>\n","protected":false},"author":1,"featured_media":0,"parent":0,"menu_order":0,"comment_status":"closed","ping_status":"closed","template":"","meta":{"footnotes":""},"class_list":["post-69","page","type-page","status-publish","hentry"],"_links":{"self":[{"href":"https:\/\/aks-kerpen.de\/wordpress\/wp-json\/wp\/v2\/pages\/69","targetHints":{"allow":["GET"]}}],"collection":[{"href":"https:\/\/aks-kerpen.de\/wordpress\/wp-json\/wp\/v2\/pages"}],"about":[{"href":"https:\/\/aks-kerpen.de\/wordpress\/wp-json\/wp\/v2\/types\/page"}],"author":[{"embeddable":true,"href":"https:\/\/aks-kerpen.de\/wordpress\/wp-json\/wp\/v2\/users\/1"}],"replies":[{"embeddable":true,"href":"https:\/\/aks-kerpen.de\/wordpress\/wp-json\/wp\/v2\/comments?post=69"}],"version-history":[{"count":0,"href":"https:\/\/aks-kerpen.de\/wordpress\/wp-json\/wp\/v2\/pages\/69\/revisions"}],"wp:attachment":[{"href":"https:\/\/aks-kerpen.de\/wordpress\/wp-json\/wp\/v2\/media?parent=69"}],"curies":[{"name":"wp","href":"https:\/\/api.w.org\/{rel}","templated":true}]}}