{"id":48,"date":"2018-11-28T09:42:56","date_gmt":"2018-11-28T09:42:56","guid":{"rendered":"https:\/\/aks-kerpen.de\/wordpress\/?page_id=48"},"modified":"2023-09-28T07:18:05","modified_gmt":"2023-09-28T07:18:05","slug":"datenschutz","status":"publish","type":"page","link":"https:\/\/aks-kerpen.de\/wordpress\/datenschutz\/","title":{"rendered":"Datenschutz"},"content":{"rendered":"<p><strong>Verantwortlicher und Datenschutzbeauftragter<br \/>\n<\/strong><em>Verantwortlicher<\/em><br \/>\nVerantwortlicher gem. Art. 4 Abs. 7 EU-Datenschutz-Grundverordnung (EU-DSGVO) ist (siehe unser Impressum)<\/p>\n<p><em>Datenschutzbeauftragter<\/em><br \/>\nSie erreichen unseren Datenschutzbeauftragten unter &#x64;a&#x74;&#101;n&#x73;&#99;&#x68;&#117;t&#x7a;&#64;&#x61;&#107;s&#x2d;&#107;&#x65;&#x72;p&#x65;&#110;&#46;&#x64;&#101;<\/p>\n<p><strong>Information u\u0308ber die Erhebung personenbezogener Daten, Speicherdauer<br \/>\n<\/strong>\u2022 Im Folgenden informieren wir u\u0308ber die Erhebung personenbezogener Daten bei Nutzung unserer Website. Personenbezogene Daten sind alle Daten, die auf Sie perso\u0308nlich beziehbar sind, z. B. Name, Adresse, E-Mail-Adressen, Nutzerverhalten.<br \/>\n\u2022 Bei Ihrer Kontaktaufnahme mit uns per E-Mail3 oder u\u0308ber ein Kontaktformular werden die von Ihnen mitgeteilten Daten (Ihre E-Mail-Adresse, ggf. Ihr Name und Ihre Telefonnummer) von uns gespeichert, um Ihre Fragen zu beantworten. Die in diesem Zusammenhang anfallenden Daten lo\u0308schen wir, nachdem die Speicherung nicht mehr erforderlich ist, oder schra\u0308nken die Verarbeitung ein, falls gesetzliche Aufbewahrungspflichten bestehen.<br \/>\n\u2022 Falls wir fu\u0308r einzelne Funktionen unseres Angebots auf beauftragte Dienstleister zuru\u0308ckgreifen oder Ihre Daten fu\u0308r werbliche Zwecke nutzen mo\u0308chten, werden wir Sie untenstehend im Detail u\u0308ber die jeweiligen Vorga\u0308nge informieren. Dabei nennen wir auch die festgelegten Kriterien der Speicherdauer.<\/p>\n<p><strong>Ihre Rechte<br \/>\n<\/strong>\u2022 Hinsichtlich der Sie betreffenden personenbezogenen Daten, die auf dieser Webseite verarbeitet werden, haben Sie uns gegenu\u0308ber folgende Rechte:<br \/>\no Recht auf Auskunft,<br \/>\no Recht auf Berichtigung oder Lo\u0308schung,<br \/>\no Recht auf Einschra\u0308nkung der Verarbeitung,<br \/>\no Recht auf Widerspruch gegen die Verarbeitung,<br \/>\no Recht auf Datenu\u0308bertragbarkeit.<br \/>\n\u2022 Sie haben zudem das Recht, sich bei einer Datenschutz-Aufsichtsbeho\u0308rde u\u0308ber die Verarbeitung Ihrer personenbezogenen Daten durch uns zu beschweren.<br \/>\no<br \/>\n<em>\uf0a7 Landesbeauftragte f\u00fcr Datenschutz und Informationsfreiheit<\/em><br \/>\n<em>Nordrhein-Westfalen<\/em><br \/>\n<em>Postfach 20 04 44<\/em><br \/>\n<em>40102 D\u00fcsseldorf<\/em><br \/>\n<em>Tel.: 0211\/38424-0<\/em><br \/>\n<em>Fax: 0211\/38424-10<\/em><br \/>\n<em>E-Mail: &#112;&#x6f;s&#x74;s&#116;&#x65;&#108;&#x6c;e&#64;&#x6c;&#100;&#x69;&#46;&#x6e;&#x72;&#119;&#x2e;d&#x65;<br \/>\n<\/em><\/p>\n<p>\u2022 Werden personenbezogene Daten an ein Drittland oder an eine internationale Organisation u\u0308bermittelt, so haben Sie das Recht, u\u0308ber die geeigneten Garantien gema\u0308\u00df Art. 46 EU-DSGVO im Zusammenhang mit der U\u0308bermittlung unterrichtet zu werden.<\/p>\n<p><strong>Sicherheit<br \/>\n<\/strong><em>SSL-Verschl\u00fcsselung<\/em><br \/>\nAus Gr\u00fcnden der Sicherheit und zum Schutz der \u00dcbertragung vertraulicher Inhalte, wie zum Beispiel der Anfragen, die Sie an uns als Seitenbetreiber senden, nutzt diese Seite eine SSL-Verschl\u00fcsselung. Eine verschl\u00fcsselte Verbindung erkennen Sie daran, dass die Adresszeile des Browsers von \u201ehttp:\/\/\u201c auf \u201ehttps:\/\/\u201c wechselt und an dem Schloss-Symbol in der Adresszeile Ihres Browsers.<br \/>\nWenn die SSL Verschl\u00fcsselung aktiviert ist, k\u00f6nnen die Daten, die Sie an uns \u00fcbermitteln, nicht von Dritten mitgelesen werden.<\/p>\n<h4>Kalender.digital<\/h4>\n<p>Unsere Webseite verwendet die Online Kalender Anwendung\u00a0<a href=\"https:\/\/kalender.digital\/\" target=\"_blank\" rel=\"noopener\">Kalender.digital<\/a>, um Sie \u00fcber unsere anstehenden Termine zu informieren.<\/p>\n<p>Bei der Nutzung von Kalender.digital werden Informationen \u00fcber die Nutzung unserer Internetseite einschlie\u00dflich Ihrer anonymisierten IP-Adresse und die von Ihnen bei Kalender.digital eingegeben Daten auf dem Kalender.digital Server gespeichert.<\/p>\n<p>Sie k\u00f6nnen eine solche Daten\u00fcbertragung jedoch verhindern, wenn Sie in Ihrem Browser &#8222;Javascript&#8220; deaktivieren. In dem Falle k\u00f6nnen jedoch keine Termine angezeigt werden.<\/p>\n<p>Weitere Informationen dar\u00fcber wie Kalender.digital Ihre Daten verwendet finden Sie unter:\u00a0<a href=\"https:\/\/kalender.digital\/c\/privacy\" target=\"_blank\" rel=\"noopener\">https:\/\/kalender.digital\/c\/privacy<\/a><\/p>\n<p>Rechtsgrundlage ist Artikel 6 Absatz 1 Satz 1 f) Datenschutzgrundverordnung, denn die Verarbeitung der Daten dient der Wahrung unseres berechtigten Interesses an der Verbesserung der Nutzererfahrung sowie der Bewerbung und Darstellung unserer Leistungen.<\/p>\n<p><strong>Erhebung und Zweck personenbezogener Daten bei Besuch unserer Website<br \/>\n<\/strong><br \/>\n<em>Server Log Dateien<\/em><br \/>\nBei der blo\u00df informatorischen Nutzung der Website, also, wenn Sie sich nicht registrieren oder uns anderweitig Informationen u\u0308bermitteln, erheben wir nur die personenbezogenen Daten, die Ihr Browser an unseren Server u\u0308bermittelt. Wenn Sie unsere Website betrachten mo\u0308chten, erheben wir die folgenden Daten, die fu\u0308r uns technisch erforderlich sind, um Ihnen unsere Website anzuzeigen und die Stabilita\u0308t und Sicherheit zu gewa\u0308hrleisten (Rechtsgrundlage ist Art. 6 Abs. 1 S. 1 lit. f EU-DSGVO):<br \/>\n\u2022 IP-Adresse<br \/>\n\u2022 Datum und Uhrzeit der Anfrage<br \/>\n\u2022 Zeitzonendifferenz zur Greenwich Mean Time (GMT)<br \/>\n\u2022 Inhalt der Anforderung (konkrete Seite)<br \/>\n\u2022 Zugriffsstatus\/HTTP-Statuscode<br \/>\n\u2022 jeweils u\u0308bertragene Datenmenge<br \/>\n\u2022 Website, von der die Anforderung kommt<br \/>\n\u2022 Browser<br \/>\n\u2022 Betriebssystem und dessen Oberfla\u0308che<br \/>\n\u2022 Sprache und Version der Browsersoftware.<\/p>\n<p><em>Cookies<\/em><br \/>\nZusa\u0308tzlich zu den zuvor genannten Daten werden bei Ihrer Nutzung unserer Website Cookies auf Ihrem Rechner gespeichert. Bei Cookies handelt es sich um kleine Textdateien, die auf Ihrer Festplatte dem von Ihnen verwendeten Browser zugeordnet gespeichert werden und durch welche der Stelle, die den Cookie setzt (hier durch uns), bestimmte Informationen zuflie\u00dfen. Cookies ko\u0308nnen keine Programme ausfu\u0308hren oder Viren auf Ihren Computer u\u0308bertragen. Sie dienen dazu, das Internetangebot insgesamt nutzerfreundlicher und effektiver zu machen.<br \/>\nEs werden dabei folgende Arten von Cookies verwendet:<br \/>\n1. Diese Website nutzt folgende Arten von Cookies, deren Umfang und Funktionsweise im Folgenden erla\u0308utert werden:<br \/>\n1. Transiente Cookies (dazu 2)<br \/>\n2. Persistente Cookies (dazu 3).<br \/>\n2. Transiente Cookies werden automatisiert gelo\u0308scht, wenn Sie den Browser schlie\u00dfen. Dazu za\u0308hlen insbesondere die Session-Cookies. Diese speichern eine sogenannte Session-ID, mit welcher sich verschiedene Anfragen Ihres Browsers der gemeinsamen Sitzung zuordnen lassen. Dadurch kann Ihr Rechner wiedererkannt werden, wenn Sie auf unsere Website zuru\u0308ckkehren. Die Session-Cookies werden gelo\u0308scht, wenn Sie sich ausloggen oder den Browser schlie\u00dfen.<br \/>\n3. Persistente Cookies werden automatisiert nach einer vorgegebenen Dauer gelo\u0308scht, die sich je nach Cookie unterscheiden kann. Sie ko\u0308nnen die Cookies in den Sicherheitseinstellungen Ihres Browsers jederzeit lo\u0308schen.<br \/>\n4. Sie k\u00f6nnen Ihre Browser-Einstellung entsprechend Ihren W\u00fcnschen konfigurieren und z. B. die Annahme von Third-Party-Cookies oder allen Cookies ablehnen. Wir weisen Sie darauf hin, dass Sie eventuell nicht alle Funktionen dieser Website nutzen k\u00f6nnen.<\/p>\n<p><strong>Kontaktformular<\/strong><br \/>\nWenn Sie uns per Kontaktformular Anfragen zukommen lassen, werden Ihre Angaben aus dem Anfrageformular inklusive der von Ihnen dort angegebenen Kontaktdaten zwecks Bearbeitung der Anfrage und f\u00fcr den Fall von Anschlussfragen bei uns gespeichert. Diese Daten geben wir nicht ohne Ihre Einwilligung weiter. Die gespeicherten Informationen werden gel\u00f6scht, sobald die Bearbeitung Ihre Anfrage abgeschlossen wurde.<\/p>\n<p><strong>E-Mail<\/strong><br \/>\nWenn Sie unsere Schule \u00fcber eine der auf der Homepage angegebenen E-Mail-Adressen kontaktieren, werden die Daten der E-Mail von uns gespeichert, bis die Bearbeitung Ihrer Anfrage abgeschlossen ist. Bitte beachten Sie, dass per E-Mail \u00fcber das Internet verschickte Daten ohne Verschl\u00fcsselung nicht vor der unbefugten Kenntnisnahme durch Dritte gesch\u00fctzt sind. F\u00fcr die \u00dcbermittlung vertraulicher Informationen bitten wir Sie in Ihrem Interesse, eine andere Kommunikationsform zu w\u00e4hlen.<br \/>\nWiderspruch Werbe-Mails<br \/>\nWir widersprechen hiermit ausdr\u00fccklich der Nutzung von im Rahmen der Impressumspflicht ver\u00f6ffentlichten Kontaktdaten zur \u00dcbersendung von nicht ausdr\u00fccklich angeforderter Werbung und Informationsmaterialien. Im Falle einer unverlangten Zusendung von Werbeinformationen, etwa durch Spam-E-Mails, behalten sich die Betreiber dieser Seiten ausdr\u00fccklich rechtliche Schritte vor.<\/p>\n<p>(Datenschutzerkl\u00e4rung erstellt mit datenschutz-schule.info)<\/p>\n","protected":false},"excerpt":{"rendered":"<p>Verantwortlicher und Datenschutzbeauftragter Verantwortlicher Verantwortlicher gem. Art. 4 Abs. 7 EU-Datenschutz-Grundverordnung (EU-DSGVO) ist (siehe unser Impressum) Datenschutzbeauftragter Sie erreichen unseren Datenschutzbeauftragten unter &#x64;&#x61;&#116;&#101;&#110;s&#x63;&#x68;&#x75;&#116;&#122;&#64;a&#x6b;&#x73;&#x2d;&#107;&#101;r&#x70;&#x65;&#x6e;&#46;&#100;&#101; Information u\u0308ber die Erhebung personenbezogener Daten, Speicherdauer \u2022 Im Folgenden informieren wir u\u0308ber die Erhebung personenbezogener Daten bei Nutzung unserer Website. Personenbezogene Daten sind alle Daten, die auf Sie perso\u0308nlich beziehbar sind, [&hellip;]<\/p>\n","protected":false},"author":1,"featured_media":0,"parent":0,"menu_order":0,"comment_status":"closed","ping_status":"closed","template":"","meta":{"footnotes":""},"class_list":["post-48","page","type-page","status-publish","hentry"],"_links":{"self":[{"href":"https:\/\/aks-kerpen.de\/wordpress\/wp-json\/wp\/v2\/pages\/48","targetHints":{"allow":["GET"]}}],"collection":[{"href":"https:\/\/aks-kerpen.de\/wordpress\/wp-json\/wp\/v2\/pages"}],"about":[{"href":"https:\/\/aks-kerpen.de\/wordpress\/wp-json\/wp\/v2\/types\/page"}],"author":[{"embeddable":true,"href":"https:\/\/aks-kerpen.de\/wordpress\/wp-json\/wp\/v2\/users\/1"}],"replies":[{"embeddable":true,"href":"https:\/\/aks-kerpen.de\/wordpress\/wp-json\/wp\/v2\/comments?post=48"}],"version-history":[{"count":0,"href":"https:\/\/aks-kerpen.de\/wordpress\/wp-json\/wp\/v2\/pages\/48\/revisions"}],"wp:attachment":[{"href":"https:\/\/aks-kerpen.de\/wordpress\/wp-json\/wp\/v2\/media?parent=48"}],"curies":[{"name":"wp","href":"https:\/\/api.w.org\/{rel}","templated":true}]}}