{"id":365,"date":"2020-04-01T08:34:02","date_gmt":"2020-04-01T08:34:02","guid":{"rendered":"https:\/\/aks-kerpen.de\/wordpress\/?page_id=365"},"modified":"2024-08-19T06:12:16","modified_gmt":"2024-08-19T06:12:16","slug":"schulsozialarbeit","status":"publish","type":"page","link":"https:\/\/aks-kerpen.de\/wordpress\/schulsozialarbeit\/","title":{"rendered":"Schulsozialarbeit"},"content":{"rendered":"<div class=\"wp-block-image\">\n<figure class=\"aligncenter size-full\"><img loading=\"lazy\" decoding=\"async\" width=\"191\" height=\"62\" src=\"https:\/\/aks-kerpen.de\/wordpress\/wp-content\/uploads\/2020\/04\/StadtKerpen-1.png\" alt=\"\" class=\"wp-image-401\" \/><\/figure><\/div>\n\n<div class=\"wp-block-image is-style-default\">\n<figure class=\"aligncenter size-full is-resized\"><img loading=\"lazy\" decoding=\"async\" src=\"https:\/\/aks-kerpen.de\/wordpress\/wp-content\/uploads\/2020\/02\/logo_schulsozarb_kolpingstadt-e1580744041614.jpg\" alt=\"\" class=\"wp-image-236\" width=\"100\" height=\"62\" \/><\/figure><\/div>\n\n\n<div style=\"height:27px\" aria-hidden=\"true\" class=\"wp-block-spacer\"><\/div>\n\n\n\n<p class=\"has-text-align-center\"><strong>Schulsozialarbeit der Kolpingstadt Kerpen<\/strong><\/p>\n\n\n\n<p>F\u00fcr ein gelingendes Aufwachsen Ihrer Kinder ist sowohl Erziehung als auch Bildung unverzichtbar. Die Schulsozialarbeit der Kolpingstadt Kerpen setzt hier an, um Ihnen und Ihren Kindern auf vielf\u00e4ltige Weise bei der Bew\u00e4ltigung dieser besonderen Aufgabe zu helfen.<\/p>\n\n\n\n<p>Schulsozialarbeit in Kerpen ist ein professionelles und freiwilliges Angebot an Schulen, das sich in seiner t\u00e4glichen Arbeit an den schulischen Rahmenbedingungen und den pers\u00f6nlichen Bedarfen orientiert.<\/p>\n\n\n\n<p>Die Mitarbeiterinnen und Mitarbeiter stehen als Ansprechpartner f\u00fcr Eltern, Lehrkr\u00e4fte und insbesondere Sch\u00fclerinnen und Sch\u00fcler f\u00fcr Fragen und Anregungen zur Verf\u00fcgung.<\/p>\n\n\n\n<p><strong>Ihr Ansprechpartner an der Adolph-Kolping-Hauptschule<\/strong><\/p>\n\n\n\n<div class=\"wp-block-media-text alignwide is-stacked-on-mobile\" style=\"grid-template-columns:22% auto\"><figure class=\"wp-block-media-text__media\"><img loading=\"lazy\" decoding=\"async\" width=\"200\" height=\"200\" src=\"https:\/\/aks-kerpen.de\/wordpress\/wp-content\/uploads\/2024\/08\/230307_Becker.png\" alt=\"\" class=\"wp-image-1578 size-full\" srcset=\"https:\/\/aks-kerpen.de\/wordpress\/wp-content\/uploads\/2024\/08\/230307_Becker.png 200w, https:\/\/aks-kerpen.de\/wordpress\/wp-content\/uploads\/2024\/08\/230307_Becker-150x150.png 150w\" sizes=\"auto, (max-width: 200px) 100vw, 200px\" \/><\/figure><div class=\"wp-block-media-text__content\">\n<p><strong>Daniel Becker<\/strong><br>Tel. &nbsp;02237\/925773<br><a href=\"mailto&#58;&#100;&#98;&#101;&#99;&#107;&#101;&#x72;&#x40;&#x73;&#x74;&#x61;&#x64;&#x74;&#x2d;&#x6b;&#x65;&#x72;&#x70;en&#46;de\">&#x64;&#x62;&#101;ck&#x65;&#x72;&#64;&#115;t&#x61;&#x64;&#116;&#45;k&#x65;&#x72;&#x70;&#101;n&#46;&#x64;&#x65;<\/a><\/p>\n\n\n\n<p><a href=\"https:\/\/schulsozialarbeit-kerpen.de\/\">schulsozialarbeit-kerpen.de<\/a><\/p>\n\n\n\n<p><\/p>\n<\/div><\/div>\n\n\n\n<p><\/p>\n","protected":false},"excerpt":{"rendered":"<p>Schulsozialarbeit der Kolpingstadt Kerpen F\u00fcr ein gelingendes Aufwachsen Ihrer Kinder ist sowohl Erziehung als auch Bildung unverzichtbar. Die Schulsozialarbeit der Kolpingstadt Kerpen setzt hier an, um Ihnen und Ihren Kindern auf vielf\u00e4ltige Weise bei der Bew\u00e4ltigung dieser besonderen Aufgabe zu helfen. Schulsozialarbeit in Kerpen ist ein professionelles und freiwilliges Angebot an Schulen, das sich in [&hellip;]<\/p>\n","protected":false},"author":1,"featured_media":0,"parent":0,"menu_order":0,"comment_status":"closed","ping_status":"closed","template":"","meta":{"footnotes":""},"class_list":["post-365","page","type-page","status-publish","hentry"],"_links":{"self":[{"href":"https:\/\/aks-kerpen.de\/wordpress\/wp-json\/wp\/v2\/pages\/365","targetHints":{"allow":["GET"]}}],"collection":[{"href":"https:\/\/aks-kerpen.de\/wordpress\/wp-json\/wp\/v2\/pages"}],"about":[{"href":"https:\/\/aks-kerpen.de\/wordpress\/wp-json\/wp\/v2\/types\/page"}],"author":[{"embeddable":true,"href":"https:\/\/aks-kerpen.de\/wordpress\/wp-json\/wp\/v2\/users\/1"}],"replies":[{"embeddable":true,"href":"https:\/\/aks-kerpen.de\/wordpress\/wp-json\/wp\/v2\/comments?post=365"}],"version-history":[{"count":0,"href":"https:\/\/aks-kerpen.de\/wordpress\/wp-json\/wp\/v2\/pages\/365\/revisions"}],"wp:attachment":[{"href":"https:\/\/aks-kerpen.de\/wordpress\/wp-json\/wp\/v2\/media?parent=365"}],"curies":[{"name":"wp","href":"https:\/\/api.w.org\/{rel}","templated":true}]}}