{"id":181,"date":"2020-01-29T18:56:59","date_gmt":"2020-01-29T18:56:59","guid":{"rendered":"https:\/\/aks-kerpen.de\/wordpress\/?page_id=181"},"modified":"2024-12-02T14:47:39","modified_gmt":"2024-12-02T14:47:39","slug":"das-sekretariat","status":"publish","type":"page","link":"https:\/\/aks-kerpen.de\/wordpress\/unsere-schule\/das-sekretariat\/","title":{"rendered":"Unser Team f\u00fcr alle F\u00e4lle"},"content":{"rendered":"\n<p>Unser Sekretariat und der Hausmeister stehen Ihnen gerne bei allen Fragen rund um den Betrieb mit den Sch\u00fclerinnen und Sch\u00fclern oder der Schule zur Verf\u00fcgung<\/p>\n\n\n\n<p><strong>Das Sekretariat und der Hausmeister<\/strong><\/p>\n\n\n\n<p><\/p>\n\n\n\n<p><\/p>\n\n\n\n<div class=\"wp-block-columns is-layout-flex wp-container-core-columns-is-layout-9d6595d7 wp-block-columns-is-layout-flex\">\n<div class=\"wp-block-column is-layout-flow wp-block-column-is-layout-flow\">\n<figure class=\"wp-block-image size-large is-resized is-style-rounded\"><img loading=\"lazy\" decoding=\"async\" width=\"614\" height=\"1024\" src=\"https:\/\/aks-kerpen.de\/wordpress\/wp-content\/uploads\/2024\/08\/20240816_100625-614x1024.jpg\" alt=\"\" class=\"wp-image-1568\" style=\"width:282px;height:471px\" srcset=\"https:\/\/aks-kerpen.de\/wordpress\/wp-content\/uploads\/2024\/08\/20240816_100625-614x1024.jpg 614w, https:\/\/aks-kerpen.de\/wordpress\/wp-content\/uploads\/2024\/08\/20240816_100625-180x300.jpg 180w, https:\/\/aks-kerpen.de\/wordpress\/wp-content\/uploads\/2024\/08\/20240816_100625-768x1280.jpg 768w, https:\/\/aks-kerpen.de\/wordpress\/wp-content\/uploads\/2024\/08\/20240816_100625-921x1536.jpg 921w, https:\/\/aks-kerpen.de\/wordpress\/wp-content\/uploads\/2024\/08\/20240816_100625-1229x2048.jpg 1229w, https:\/\/aks-kerpen.de\/wordpress\/wp-content\/uploads\/2024\/08\/20240816_100625.jpg 1501w\" sizes=\"auto, (max-width: 614px) 100vw, 614px\" \/><\/figure>\n\n\n\n<p><strong>Der Sekret\u00e4r<\/strong><\/p>\n\n\n\n<p>Herr Nico K\u00f6rfgen<\/p>\n\n\n\n<p>Tel.: 02237 3512<\/p>\n\n\n\n<p>Fax.: 02237 55818<\/p>\n\n\n\n<p>Mail: &#115;&#x65;k&#x72;&#x65;&#116;&#x61;r&#105;&#x61;&#116;&#x40;a&#107;&#x73;-&#x6b;e&#114;&#x70;e&#x6e;&#x2e;&#100;&#x65;<\/p>\n\n\n\n<p style=\"font-size:17px\">Montag\u00a0\u00a0\u00a0\u00a0\u00a0\u00a0\u00a0\u00a0\u00a0\u00a0\u00a0\u00a007:15 Uhr \u2013 16:00 Uhr<\/p>\n\n\n\n<p>Dienstag&nbsp;&nbsp;&nbsp;&nbsp;&nbsp;&nbsp;&nbsp;&nbsp;&nbsp;&nbsp;&nbsp;&nbsp;07:15 Uhr \u2013 16:00 Uhr<\/p>\n\n\n\n<p>Mittwoch&nbsp;&nbsp;&nbsp;&nbsp;&nbsp;&nbsp;&nbsp;&nbsp;&nbsp;&nbsp;&nbsp;Sekretariat nicht besetzt<\/p>\n\n\n\n<p>Donnerstag&nbsp;&nbsp;&nbsp;&nbsp;&nbsp;&nbsp;&nbsp; 07:15 Uhr \u2013 16:00 Uhr<\/p>\n\n\n\n<p>Freitag&nbsp;&nbsp;&nbsp;&nbsp;&nbsp;&nbsp;&nbsp;&nbsp;&nbsp;&nbsp;&nbsp;&nbsp;&nbsp;&nbsp;&nbsp; 07:15 Uhr \u2013 13:00 Uhr<\/p>\n\n\n\n<p><img loading=\"lazy\" decoding=\"async\" width=\"173\" height=\"170\" src=\"https:\/\/lh7-us.googleusercontent.com\/YIlRdfkVlzWcqAS-OZRLzRTa4lPk_3UNqZGm8SBzNA7kErl7LZnvX47PwdSezxWFE_2A1vv6VIXFmzc_qnaM6DmFUMCEdPegmbdnVV09ZjHFKDIYQJkpc6Xmlo8wofDxAidc7kQ8YbysivXaGaupwg\"><\/p>\n<\/div>\n\n\n\n<div class=\"wp-block-column is-layout-flow wp-block-column-is-layout-flow\">\n<figure class=\"wp-block-image size-large is-resized is-style-rounded\"><img loading=\"lazy\" decoding=\"async\" width=\"478\" height=\"1024\" src=\"https:\/\/aks-kerpen.de\/wordpress\/wp-content\/uploads\/2023\/08\/Juergen-478x1024.jpg\" alt=\"\" class=\"wp-image-1438\" style=\"width:235px;height:503px\" srcset=\"https:\/\/aks-kerpen.de\/wordpress\/wp-content\/uploads\/2023\/08\/Juergen-478x1024.jpg 478w, https:\/\/aks-kerpen.de\/wordpress\/wp-content\/uploads\/2023\/08\/Juergen-140x300.jpg 140w, https:\/\/aks-kerpen.de\/wordpress\/wp-content\/uploads\/2023\/08\/Juergen-768x1647.jpg 768w, https:\/\/aks-kerpen.de\/wordpress\/wp-content\/uploads\/2023\/08\/Juergen-716x1536.jpg 716w, https:\/\/aks-kerpen.de\/wordpress\/wp-content\/uploads\/2023\/08\/Juergen-955x2048.jpg 955w, https:\/\/aks-kerpen.de\/wordpress\/wp-content\/uploads\/2023\/08\/Juergen.jpg 1080w\" sizes=\"auto, (max-width: 478px) 100vw, 478px\" \/><\/figure>\n\n\n\n<p><strong>Der Hausmeister<\/strong><\/p>\n\n\n\n<p>Herr J\u00fcrgen Schmidt<\/p>\n\n\n\n<p>Tel.: 01789353144<\/p>\n\n\n\n<p>Mail: &#x6a;&#x75;&#101;r&#x67;&#x65;&#x6e;&#46;s&#x63;&#x68;&#x6d;&#105;d&#x74;&#x40;&#x73;&#116;a&#x64;&#x74;&#x2d;&#107;e&#x72;&#x70;&#x65;&#110;&#46;&#x64;&#x65;<\/p>\n\n\n\n<p style=\"font-size:17px\">Montag\u00a0\u00a0\u00a0\u00a0\u00a0\u00a0\u00a0\u00a0\u00a0\u00a0\u00a0\u00a007:00 Uhr \u2013 16:30 Uhr<\/p>\n\n\n\n<p>Dienstag&nbsp;&nbsp;&nbsp;&nbsp;&nbsp;&nbsp;&nbsp;&nbsp;&nbsp;&nbsp;&nbsp;&nbsp;07:00 Uhr \u2013 16:30 Uhr<\/p>\n\n\n\n<p>Mittwoch&nbsp;&nbsp;&nbsp;&nbsp;&nbsp;&nbsp;&nbsp;&nbsp;&nbsp;&nbsp;&nbsp;07:00 Uhr \u2013 16:30 Uhr<\/p>\n\n\n\n<p>Donnerstag&nbsp;&nbsp;&nbsp;&nbsp;&nbsp;&nbsp;&nbsp; 07:00 Uhr \u2013 16:30 Uhr<\/p>\n\n\n\n<p>Freitag&nbsp;&nbsp;&nbsp;&nbsp;&nbsp;&nbsp;&nbsp;&nbsp;&nbsp;&nbsp;&nbsp;&nbsp;&nbsp;&nbsp;&nbsp; 07:00 Uhr \u2013 15:30 Uhr<\/p>\n<\/div>\n<\/div>\n\n\n\n<p><\/p>\n\n\n\n<p><\/p>\n\n\n\n<p class=\"has-text-align-center\"><em><strong>Wir freuen uns Ihnen weiterzuhelfen!<\/strong><\/em><\/p>\n","protected":false},"excerpt":{"rendered":"<p>Unser Sekretariat und der Hausmeister stehen Ihnen gerne bei allen Fragen rund um den Betrieb mit den Sch\u00fclerinnen und Sch\u00fclern oder der Schule zur Verf\u00fcgung Das Sekretariat und der Hausmeister Der Sekret\u00e4r Herr Nico K\u00f6rfgen Tel.: 02237 3512 Fax.: 02237 55818 Mail: s&#101;&#107;&#x72;&#x65;&#x74;ar&#105;&#97;&#x74;&#x40;&#x61;k&#115;&#45;&#107;&#x65;&#x72;&#x70;e&#110;&#46;&#x64;&#x65; Montag\u00a0\u00a0\u00a0\u00a0\u00a0\u00a0\u00a0\u00a0\u00a0\u00a0\u00a0\u00a007:15 Uhr \u2013 16:00 Uhr Dienstag&nbsp;&nbsp;&nbsp;&nbsp;&nbsp;&nbsp;&nbsp;&nbsp;&nbsp;&nbsp;&nbsp;&nbsp;07:15 Uhr \u2013 16:00 Uhr Mittwoch&nbsp;&nbsp;&nbsp;&nbsp;&nbsp;&nbsp;&nbsp;&nbsp;&nbsp;&nbsp;&nbsp;Sekretariat nicht [&hellip;]<\/p>\n","protected":false},"author":1,"featured_media":0,"parent":122,"menu_order":0,"comment_status":"closed","ping_status":"closed","template":"","meta":{"footnotes":""},"class_list":["post-181","page","type-page","status-publish","hentry"],"_links":{"self":[{"href":"https:\/\/aks-kerpen.de\/wordpress\/wp-json\/wp\/v2\/pages\/181","targetHints":{"allow":["GET"]}}],"collection":[{"href":"https:\/\/aks-kerpen.de\/wordpress\/wp-json\/wp\/v2\/pages"}],"about":[{"href":"https:\/\/aks-kerpen.de\/wordpress\/wp-json\/wp\/v2\/types\/page"}],"author":[{"embeddable":true,"href":"https:\/\/aks-kerpen.de\/wordpress\/wp-json\/wp\/v2\/users\/1"}],"replies":[{"embeddable":true,"href":"https:\/\/aks-kerpen.de\/wordpress\/wp-json\/wp\/v2\/comments?post=181"}],"version-history":[{"count":0,"href":"https:\/\/aks-kerpen.de\/wordpress\/wp-json\/wp\/v2\/pages\/181\/revisions"}],"up":[{"embeddable":true,"href":"https:\/\/aks-kerpen.de\/wordpress\/wp-json\/wp\/v2\/pages\/122"}],"wp:attachment":[{"href":"https:\/\/aks-kerpen.de\/wordpress\/wp-json\/wp\/v2\/media?parent=181"}],"curies":[{"name":"wp","href":"https:\/\/api.w.org\/{rel}","templated":true}]}}