{"id":171,"date":"2020-01-29T18:53:50","date_gmt":"2020-01-29T18:53:50","guid":{"rendered":"https:\/\/aks-kerpen.de\/wordpress\/?page_id=171"},"modified":"2024-12-02T08:26:57","modified_gmt":"2024-12-02T08:26:57","slug":"allgemeines","status":"publish","type":"page","link":"https:\/\/aks-kerpen.de\/wordpress\/unsere-schule\/allgemeines\/","title":{"rendered":"Allgemeines"},"content":{"rendered":"\n<p><strong><em>Erziehung ist Leben und setzt Leben voraus<\/em><\/strong><br>&nbsp; (Adolph Kolping)<\/p>\n\n\n\n<p>Entsprechend der Aussage des Namensgebers dieser Schule, gelten an unserer Schule folgende p\u00e4dagogische Grunds\u00e4tze<\/p>\n\n\n\n<ul class=\"wp-block-list\">\n<li>An unserer Schule begegnen sich alle Menschen mit gegenseitiger Wertsch\u00e4tzung<\/li>\n\n\n\n<li>Wir akzeptieren einander in unserer Unterschiedlichkeit<\/li>\n\n\n\n<li>Gewalt in jeglicher Form wird nicht toleriert<\/li>\n\n\n\n<li>Verbindliche Regeln werden von allen konsequent beachtet und eingehalten<\/li>\n\n\n\n<li>Fachliche, methodische und soziale Kompetenzen werden an unserer Schule vorgelebt<\/li>\n<\/ul>\n\n\n\n<p>Die Adolph-Kolping-Schule ist eine Hauptschule zentral gelegen im Zentrum der Kolpingstadt Kerpen und blickt auf eine lange Geschichte zur\u00fcck. Die Schule liegt in einem Wohngebiet. Zur Schule geh\u00f6ren sch\u00f6ne Gr\u00fcnfl\u00e4chen, die von den Sch\u00fclern und Sch\u00fclerinnen der Jahrg\u00e4nge 9 und 10 als R\u00fcckzugsort w\u00e4hrend der Pausen genutzt werden.<\/p>\n\n\n\n<p>Die Anbindung an den Stadtverkehr und den \u00f6ffentlichen Nahverkehr sowie den Bahnhof Kerpen-Horrem ist sehr gut. Bedingt durch Fahrrad- und Fu\u00dfwege k\u00f6nnen unsere Sch\u00fcler und Sch\u00fclerinnen den Schulweg sicher zur\u00fccklegen<\/p>\n\n\n\n<p>Seit 2008 wir die Schule als gebundene Ganztagsschule gef\u00fchrt. 2010 wurde durch die Schulkonferenz die Entscheidung f\u00fcr den 90 Minuten Rhythmus getroffen. Dadurch verl\u00e4uft der Unterricht f\u00fcr alle Beteiligten ruhiger, die Lernzeit ist effektiver genutzt und besonders f\u00fcr die Sch\u00fcler und Sch\u00fclerinnen der Klassen 5 und 6 ist die Schultasche leichter. In den Kernf\u00e4chern Deutsch und Mathematik ist die Stundentafel von 4 auf 6 Stunden erh\u00f6ht, wodurch eine bessere F\u00f6rderung der einzelnen Sch\u00fcler und Sch\u00fclerinnen erreicht werden kann. Ab Klasse 7 werden in den F\u00e4cher Englisch und Mathematik auf zwei unterschiedlichen Leistungsstufen (E- G-Kurs) unterrichtet. Der Jahrgang 10 wird getrennt nach 10 Typ A und 10 Typ B unterrichtet. Seit dem Schuljahr 2011\/2012 ist die Adolph-Kolping-Schule eine Schule im gemeinsamen Lernen. Sch\u00fcler mit und ohne Unterst\u00fctzungsbedarf lernen in allen Jahrgangsstufen gemeinsam. Im Bereich der Erprobungsstufe haben wir ein Doppel-Klassenlehrer-System eingef\u00fchrt. Jede Klasse hat 2 Klassenlehrer, die in unterschiedlichen Stunden gemeinsam in der Klasse unterrichten.<\/p>\n\n\n\n<p>Zurzeit besuchen etwa 330 Sch\u00fcler aus unterschiedlichen Nationen die Schule. Etwa 75 % der Sch\u00fcler haben einen Migrationshintergrund. Der Anteil der Jungen an der Gesamtzahl der Sch\u00fcler \u00fcberwiegt. Die Vielf\u00e4ltigkeit der Kulturen birgt ein hohes Potential an Chancen f\u00fcr unsere Sch\u00fcler, ihre sozialen Kompetenzen zu entwickeln und zu f\u00f6rdern.<\/p>\n\n\n\n<p>An der Schule unterrichten 30 Lehrer und Lehrerinnen, f\u00fcnf davon mit Migrationshintergrund. Im Bereich des gemeinsamen Lernens wird das Kollegium von drei Sonderp\u00e4dagogen unterst\u00fctzt. Bedingt durch die zentrale Lage zwischen den Zentren f\u00fcr schulpraktische Lehrerausbildung in K\u00f6ln und J\u00fclich sind wir eine Ausbildungsschule f\u00fcr Lehramtsanw\u00e4rter. Ferner z\u00e4hlt ein Schulsozialarbeiter als fester Bestandteil zum Kollegium. Im Bereich der Organisation unseres Ganztagbetriebes werden wir durch den Verein Sch\u00fclergarten gGmbH unterst\u00fctzt.<\/p>\n\n\n\n<p>R\u00e4umlich, technisch und medial verf\u00fcgt die Schule \u00fcber eine gute Ausstattung:<\/p>\n\n\n\n<p>19 Klassenr\u00e4ume, 12 Fach- und Mehrzweckr\u00e4ume sowie 5 Kursr\u00e4ume. F\u00fcr den Bereich Naturwissenschaften, Technik und Musik stehen 11 R\u00e4ume zur Verf\u00fcgung. Die Schule hat eine Lehrk\u00fcche mit 16 Arbeitspl\u00e4tzen. Im Bereich Ganztag stehen zus\u00e4tzlich 2 separate Aufenthaltsr\u00e4ume zur Verf\u00fcgung. Im Bereich Informatik gibt es an der Schule einen Informatikraum, eine Laptop-Klasse, 26 mobile Computerarbeitspl\u00e4tze f\u00fcr Sch\u00fcler, mehrere IPad-Koffer sowie ein Smartboard. F\u00fcr den Sportbereich stehen eine Turnhalle sowie ein Fitnessraum zur Verf\u00fcgung.<\/p>\n","protected":false},"excerpt":{"rendered":"<p>Erziehung ist Leben und setzt Leben voraus&nbsp; (Adolph Kolping) Entsprechend der Aussage des Namensgebers dieser Schule, gelten an unserer Schule folgende p\u00e4dagogische Grunds\u00e4tze Die Adolph-Kolping-Schule ist eine Hauptschule zentral gelegen im Zentrum der Kolpingstadt Kerpen und blickt auf eine lange Geschichte zur\u00fcck. Die Schule liegt in einem Wohngebiet. Zur Schule geh\u00f6ren sch\u00f6ne Gr\u00fcnfl\u00e4chen, die von [&hellip;]<\/p>\n","protected":false},"author":1,"featured_media":0,"parent":122,"menu_order":0,"comment_status":"closed","ping_status":"closed","template":"","meta":{"footnotes":""},"class_list":["post-171","page","type-page","status-publish","hentry"],"_links":{"self":[{"href":"https:\/\/aks-kerpen.de\/wordpress\/wp-json\/wp\/v2\/pages\/171","targetHints":{"allow":["GET"]}}],"collection":[{"href":"https:\/\/aks-kerpen.de\/wordpress\/wp-json\/wp\/v2\/pages"}],"about":[{"href":"https:\/\/aks-kerpen.de\/wordpress\/wp-json\/wp\/v2\/types\/page"}],"author":[{"embeddable":true,"href":"https:\/\/aks-kerpen.de\/wordpress\/wp-json\/wp\/v2\/users\/1"}],"replies":[{"embeddable":true,"href":"https:\/\/aks-kerpen.de\/wordpress\/wp-json\/wp\/v2\/comments?post=171"}],"version-history":[{"count":0,"href":"https:\/\/aks-kerpen.de\/wordpress\/wp-json\/wp\/v2\/pages\/171\/revisions"}],"up":[{"embeddable":true,"href":"https:\/\/aks-kerpen.de\/wordpress\/wp-json\/wp\/v2\/pages\/122"}],"wp:attachment":[{"href":"https:\/\/aks-kerpen.de\/wordpress\/wp-json\/wp\/v2\/media?parent=171"}],"curies":[{"name":"wp","href":"https:\/\/api.w.org\/{rel}","templated":true}]}}