{"id":1374,"date":"2023-05-01T10:59:24","date_gmt":"2023-05-01T10:59:24","guid":{"rendered":"https:\/\/aks-kerpen.de\/wordpress\/?page_id=1374"},"modified":"2023-07-24T08:55:05","modified_gmt":"2023-07-24T08:55:05","slug":"berufsorientierung-beitrage","status":"publish","type":"page","link":"https:\/\/aks-kerpen.de\/wordpress\/berufsorientierung\/berufsorientierung-beitrage\/","title":{"rendered":"Berufsorientierung &#8211; Beitr\u00e4ge"},"content":{"rendered":"\n<h2 class=\"wp-block-heading\">Die AKS hat erneut das Berufswahlsiegel erhalten!<\/h2>\n\n\n\n<p>Zum Ende des letzten Schuljahres 2022\/23 war es wieder so weit: Eine fachkundige Jury besuchte die AKS und schaute ganz genau auf die Angebote und M\u00f6glichkeiten zur Berufswahl, die Sch\u00fcler*innen an unserer Schule bekommen. <br><\/p>\n\n\n\n<p>Wir freuen uns sehr, dass wir erneut unser Berufswahlsiegel f\u00fcr die n\u00e4chsten drei Jahre erhalten haben!<\/p>\n\n\n<div class=\"wp-block-image\">\n<figure class=\"aligncenter size-full is-resized\"><img loading=\"lazy\" decoding=\"async\" src=\"https:\/\/aks-kerpen.de\/wordpress\/wp-content\/uploads\/2023\/07\/BO1-1.jpg\" alt=\"\" class=\"wp-image-1404\" width=\"768\" height=\"576\" srcset=\"https:\/\/aks-kerpen.de\/wordpress\/wp-content\/uploads\/2023\/07\/BO1-1.jpg 1024w, https:\/\/aks-kerpen.de\/wordpress\/wp-content\/uploads\/2023\/07\/BO1-1-300x225.jpg 300w, https:\/\/aks-kerpen.de\/wordpress\/wp-content\/uploads\/2023\/07\/BO1-1-768x576.jpg 768w\" sizes=\"auto, (max-width: 768px) 100vw, 768px\" \/><\/figure><\/div>\n\n<div class=\"wp-block-image\">\n<figure class=\"aligncenter size-full is-resized\"><img loading=\"lazy\" decoding=\"async\" src=\"https:\/\/aks-kerpen.de\/wordpress\/wp-content\/uploads\/2023\/07\/Bo01-2.jpg\" alt=\"\" class=\"wp-image-1411\" width=\"384\" height=\"512\" srcset=\"https:\/\/aks-kerpen.de\/wordpress\/wp-content\/uploads\/2023\/07\/Bo01-2.jpg 768w, https:\/\/aks-kerpen.de\/wordpress\/wp-content\/uploads\/2023\/07\/Bo01-2-225x300.jpg 225w\" sizes=\"auto, (max-width: 384px) 100vw, 384px\" \/><\/figure><\/div>\n\n\n<p>Wir sind stolz darauf, dass wir unseren Sch\u00fcler*innen auf verschiedenste Weise in Ihrer Berufsfindung unterst\u00fctzen. Unser Konzept ist hier nochmal zum nachlesen: <a href=\"https:\/\/aks-kerpen.de\/wordpress\/konzept\/\">https:\/\/aks-kerpen.de\/wordpress\/konzept\/<\/a>.<br>Was unser Konzept in der Praxis bedeutet, kann man unter diesem Beitrag feststellen. Hier l\u00e4sst sich eine Auswahl ein Projekten finden, die wir in letzter Zeit an der AKS durchgef\u00fchrt haben:<\/p>\n\n\n\n<h2 class=\"wp-block-heading\">&#8222;Komm&#8216; auf Tour&#8220; &#8211; Entdecke deine St\u00e4rken!<\/h2>\n\n\n\n<figure class=\"wp-block-image size-large is-resized\"><img loading=\"lazy\" decoding=\"async\" src=\"https:\/\/aks-kerpen.de\/wordpress\/wp-content\/uploads\/2023\/05\/Kommauftour1-768x1024.jpg\" alt=\"\" class=\"wp-image-1389\" width=\"447\" height=\"596\" srcset=\"https:\/\/aks-kerpen.de\/wordpress\/wp-content\/uploads\/2023\/05\/Kommauftour1-768x1024.jpg 768w, https:\/\/aks-kerpen.de\/wordpress\/wp-content\/uploads\/2023\/05\/Kommauftour1-225x300.jpg 225w, https:\/\/aks-kerpen.de\/wordpress\/wp-content\/uploads\/2023\/05\/Kommauftour1-1152x1536.jpg 1152w, https:\/\/aks-kerpen.de\/wordpress\/wp-content\/uploads\/2023\/05\/Kommauftour1.jpg 1512w\" sizes=\"auto, (max-width: 447px) 100vw, 447px\" \/><\/figure>\n\n\n\n<p>Am 25. April 2023 machten sich die 7er-Klassen zusammen mit ihren Klassenlehrer*innen und Berufskoordinator auf dem Weg nach H\u00fcrth, um dort mehr \u00fcber ihre St\u00e4rken und Schw\u00e4chen kennenzulernen. &#8222;Komm auf Tour&#8220; ist ein Projekt zur St\u00e4rkenentdeckung, beruflichen Orientierung und Lebensplanung f\u00fcr Jugendliche ab der 7. Klasse, das im Rhein-Erft-Kreis kostenlos f\u00fcr unsere Sch\u00fclerinnen und Sch\u00fcler angeboten wird. Es ist einer von vielen Schritten auf dem Weg zum richtigen Beruf.<\/p>\n\n\n\n<figure class=\"wp-block-gallery has-nested-images columns-default is-cropped wp-block-gallery-1 is-layout-flex wp-block-gallery-is-layout-flex\">\n<figure class=\"wp-block-image size-large\"><img loading=\"lazy\" decoding=\"async\" width=\"768\" height=\"1024\" data-id=\"1386\" src=\"https:\/\/aks-kerpen.de\/wordpress\/wp-content\/uploads\/2023\/05\/IMG_7457-768x1024.jpg\" alt=\"\" class=\"wp-image-1386\" srcset=\"https:\/\/aks-kerpen.de\/wordpress\/wp-content\/uploads\/2023\/05\/IMG_7457-768x1024.jpg 768w, https:\/\/aks-kerpen.de\/wordpress\/wp-content\/uploads\/2023\/05\/IMG_7457-225x300.jpg 225w, https:\/\/aks-kerpen.de\/wordpress\/wp-content\/uploads\/2023\/05\/IMG_7457-1152x1536.jpg 1152w, https:\/\/aks-kerpen.de\/wordpress\/wp-content\/uploads\/2023\/05\/IMG_7457.jpg 1512w\" sizes=\"auto, (max-width: 768px) 100vw, 768px\" \/><\/figure>\n\n\n\n<figure class=\"wp-block-image size-large\"><img loading=\"lazy\" decoding=\"async\" width=\"1024\" height=\"768\" data-id=\"1387\" src=\"https:\/\/aks-kerpen.de\/wordpress\/wp-content\/uploads\/2023\/05\/IMG_7452-1024x768.jpg\" alt=\"\" class=\"wp-image-1387\" srcset=\"https:\/\/aks-kerpen.de\/wordpress\/wp-content\/uploads\/2023\/05\/IMG_7452-1024x768.jpg 1024w, https:\/\/aks-kerpen.de\/wordpress\/wp-content\/uploads\/2023\/05\/IMG_7452-300x225.jpg 300w, https:\/\/aks-kerpen.de\/wordpress\/wp-content\/uploads\/2023\/05\/IMG_7452-768x576.jpg 768w, https:\/\/aks-kerpen.de\/wordpress\/wp-content\/uploads\/2023\/05\/IMG_7452-1536x1152.jpg 1536w, https:\/\/aks-kerpen.de\/wordpress\/wp-content\/uploads\/2023\/05\/IMG_7452.jpg 2016w\" sizes=\"auto, (max-width: 1024px) 100vw, 1024px\" \/><\/figure>\n\n\n\n<figure class=\"wp-block-image size-large\"><img loading=\"lazy\" decoding=\"async\" width=\"768\" height=\"1024\" data-id=\"1388\" src=\"https:\/\/aks-kerpen.de\/wordpress\/wp-content\/uploads\/2023\/05\/IMG_7445-768x1024.jpg\" alt=\"\" class=\"wp-image-1388\" srcset=\"https:\/\/aks-kerpen.de\/wordpress\/wp-content\/uploads\/2023\/05\/IMG_7445-768x1024.jpg 768w, https:\/\/aks-kerpen.de\/wordpress\/wp-content\/uploads\/2023\/05\/IMG_7445-225x300.jpg 225w, https:\/\/aks-kerpen.de\/wordpress\/wp-content\/uploads\/2023\/05\/IMG_7445-1152x1536.jpg 1152w, https:\/\/aks-kerpen.de\/wordpress\/wp-content\/uploads\/2023\/05\/IMG_7445-rotated.jpg 1512w\" sizes=\"auto, (max-width: 768px) 100vw, 768px\" \/><\/figure>\n<\/figure>\n\n\n\n<p>Die Jugendlichen der 7a und 7b hatten viel Spa\u00df auf dem Weg durch die verschiedenen Stationen. Am Ende des Parcours waren alle erstaunt, wie viele St\u00e4rken sie haben und was sie alle gut k\u00f6nnen. Der Vormittag war eine tolle Basis, um im Unterricht weiter \u00fcber Berufsw\u00fcnsche zu sprechen.<\/p>\n\n\n\n<figure class=\"wp-block-gallery has-nested-images columns-default is-cropped wp-block-gallery-2 is-layout-flex wp-block-gallery-is-layout-flex\">\n<figure class=\"wp-block-image size-large\"><img loading=\"lazy\" decoding=\"async\" width=\"768\" height=\"1024\" data-id=\"1380\" src=\"https:\/\/aks-kerpen.de\/wordpress\/wp-content\/uploads\/2023\/05\/IMG_7469-768x1024.jpg\" alt=\"\" class=\"wp-image-1380\" srcset=\"https:\/\/aks-kerpen.de\/wordpress\/wp-content\/uploads\/2023\/05\/IMG_7469-768x1024.jpg 768w, https:\/\/aks-kerpen.de\/wordpress\/wp-content\/uploads\/2023\/05\/IMG_7469-225x300.jpg 225w, https:\/\/aks-kerpen.de\/wordpress\/wp-content\/uploads\/2023\/05\/IMG_7469-1152x1536.jpg 1152w, https:\/\/aks-kerpen.de\/wordpress\/wp-content\/uploads\/2023\/05\/IMG_7469-rotated.jpg 1512w\" sizes=\"auto, (max-width: 768px) 100vw, 768px\" \/><\/figure>\n\n\n\n<figure class=\"wp-block-image size-large\"><img loading=\"lazy\" decoding=\"async\" width=\"1024\" height=\"768\" data-id=\"1382\" src=\"https:\/\/aks-kerpen.de\/wordpress\/wp-content\/uploads\/2023\/05\/IMG_7467-1024x768.jpg\" alt=\"\" class=\"wp-image-1382\" srcset=\"https:\/\/aks-kerpen.de\/wordpress\/wp-content\/uploads\/2023\/05\/IMG_7467-1024x768.jpg 1024w, https:\/\/aks-kerpen.de\/wordpress\/wp-content\/uploads\/2023\/05\/IMG_7467-300x225.jpg 300w, https:\/\/aks-kerpen.de\/wordpress\/wp-content\/uploads\/2023\/05\/IMG_7467-768x576.jpg 768w, https:\/\/aks-kerpen.de\/wordpress\/wp-content\/uploads\/2023\/05\/IMG_7467-1536x1152.jpg 1536w, https:\/\/aks-kerpen.de\/wordpress\/wp-content\/uploads\/2023\/05\/IMG_7467.jpg 2016w\" sizes=\"auto, (max-width: 1024px) 100vw, 1024px\" \/><\/figure>\n\n\n\n<figure class=\"wp-block-image size-large\"><img loading=\"lazy\" decoding=\"async\" width=\"768\" height=\"1024\" data-id=\"1378\" src=\"https:\/\/aks-kerpen.de\/wordpress\/wp-content\/uploads\/2023\/05\/IMG_7466-768x1024.jpg\" alt=\"\" class=\"wp-image-1378\" srcset=\"https:\/\/aks-kerpen.de\/wordpress\/wp-content\/uploads\/2023\/05\/IMG_7466-768x1024.jpg 768w, https:\/\/aks-kerpen.de\/wordpress\/wp-content\/uploads\/2023\/05\/IMG_7466-225x300.jpg 225w, https:\/\/aks-kerpen.de\/wordpress\/wp-content\/uploads\/2023\/05\/IMG_7466-1152x1536.jpg 1152w, https:\/\/aks-kerpen.de\/wordpress\/wp-content\/uploads\/2023\/05\/IMG_7466-rotated.jpg 1512w\" sizes=\"auto, (max-width: 768px) 100vw, 768px\" \/><\/figure>\n\n\n\n<figure class=\"wp-block-image size-medium\"><img loading=\"lazy\" decoding=\"async\" width=\"225\" height=\"300\" data-id=\"1381\" src=\"https:\/\/aks-kerpen.de\/wordpress\/wp-content\/uploads\/2023\/05\/IMG_7465-225x300.jpg\" alt=\"\" class=\"wp-image-1381\" srcset=\"https:\/\/aks-kerpen.de\/wordpress\/wp-content\/uploads\/2023\/05\/IMG_7465-225x300.jpg 225w, https:\/\/aks-kerpen.de\/wordpress\/wp-content\/uploads\/2023\/05\/IMG_7465-768x1024.jpg 768w, https:\/\/aks-kerpen.de\/wordpress\/wp-content\/uploads\/2023\/05\/IMG_7465-1152x1536.jpg 1152w, https:\/\/aks-kerpen.de\/wordpress\/wp-content\/uploads\/2023\/05\/IMG_7465-rotated.jpg 1512w\" sizes=\"auto, (max-width: 225px) 100vw, 225px\" \/><\/figure>\n\n\n\n<figure class=\"wp-block-image size-large\"><img loading=\"lazy\" decoding=\"async\" width=\"768\" height=\"1024\" data-id=\"1379\" src=\"https:\/\/aks-kerpen.de\/wordpress\/wp-content\/uploads\/2023\/05\/IMG_7464-768x1024.jpg\" alt=\"\" class=\"wp-image-1379\" srcset=\"https:\/\/aks-kerpen.de\/wordpress\/wp-content\/uploads\/2023\/05\/IMG_7464-768x1024.jpg 768w, https:\/\/aks-kerpen.de\/wordpress\/wp-content\/uploads\/2023\/05\/IMG_7464-225x300.jpg 225w, https:\/\/aks-kerpen.de\/wordpress\/wp-content\/uploads\/2023\/05\/IMG_7464-1152x1536.jpg 1152w, https:\/\/aks-kerpen.de\/wordpress\/wp-content\/uploads\/2023\/05\/IMG_7464-rotated.jpg 1512w\" sizes=\"auto, (max-width: 768px) 100vw, 768px\" \/><\/figure>\n<\/figure>\n\n\n\n<h2 class=\"wp-block-heading\">Berufsfeldrallye<\/h2>\n\n\n\n<p>Viele Sch\u00fclerinnen und Sch\u00fcler haben gro\u00dfe Schwierigkeiten ihre beruflichen Interessen, Kompetenzen und&nbsp; F\u00e4higkeiten selbst einzusch\u00e4tzen. Die Berufsfelderkundungen erm\u00f6glicht ihnen eine anf\u00e4ngliche berufliche Orientierung. Mithilfe von Stationenarbeit zu vielen verschiedenen Berufsfeldern haben die Sch\u00fclerinnen und Sch\u00fcler so die M\u00f6glichkeit, in viele verschiedene Berufsfelder hinein zu schnuppern und eine anf\u00e4ngliche Orientierung ihrer eigenen beruflichen Interessen zu entwickeln.<\/p>\n\n\n\n<figure class=\"wp-block-gallery has-nested-images columns-default is-cropped wp-block-gallery-3 is-layout-flex wp-block-gallery-is-layout-flex\">\n<figure class=\"wp-block-image size-large\"><img loading=\"lazy\" decoding=\"async\" width=\"402\" height=\"281\" data-id=\"1376\" src=\"https:\/\/aks-kerpen.de\/wordpress\/wp-content\/uploads\/2023\/05\/Berufsfeld-2.jpg\" alt=\"\" class=\"wp-image-1376\" srcset=\"https:\/\/aks-kerpen.de\/wordpress\/wp-content\/uploads\/2023\/05\/Berufsfeld-2.jpg 402w, https:\/\/aks-kerpen.de\/wordpress\/wp-content\/uploads\/2023\/05\/Berufsfeld-2-300x210.jpg 300w\" sizes=\"auto, (max-width: 402px) 100vw, 402px\" \/><\/figure>\n\n\n\n<figure class=\"wp-block-image size-large\"><img loading=\"lazy\" decoding=\"async\" width=\"537\" height=\"272\" data-id=\"1377\" src=\"https:\/\/aks-kerpen.de\/wordpress\/wp-content\/uploads\/2023\/05\/Berufsfeld1-1.jpg\" alt=\"\" class=\"wp-image-1377\" srcset=\"https:\/\/aks-kerpen.de\/wordpress\/wp-content\/uploads\/2023\/05\/Berufsfeld1-1.jpg 537w, https:\/\/aks-kerpen.de\/wordpress\/wp-content\/uploads\/2023\/05\/Berufsfeld1-1-300x152.jpg 300w\" sizes=\"auto, (max-width: 537px) 100vw, 537px\" \/><\/figure>\n<\/figure>\n","protected":false},"excerpt":{"rendered":"<p>Die AKS hat erneut das Berufswahlsiegel erhalten! Zum Ende des letzten Schuljahres 2022\/23 war es wieder so weit: Eine fachkundige Jury besuchte die AKS und schaute ganz genau auf die Angebote und M\u00f6glichkeiten zur Berufswahl, die Sch\u00fcler*innen an unserer Schule bekommen. Wir freuen uns sehr, dass wir erneut unser Berufswahlsiegel f\u00fcr die n\u00e4chsten drei Jahre [&hellip;]<\/p>\n","protected":false},"author":5,"featured_media":0,"parent":193,"menu_order":0,"comment_status":"closed","ping_status":"closed","template":"","meta":{"footnotes":""},"class_list":["post-1374","page","type-page","status-publish","hentry"],"_links":{"self":[{"href":"https:\/\/aks-kerpen.de\/wordpress\/wp-json\/wp\/v2\/pages\/1374","targetHints":{"allow":["GET"]}}],"collection":[{"href":"https:\/\/aks-kerpen.de\/wordpress\/wp-json\/wp\/v2\/pages"}],"about":[{"href":"https:\/\/aks-kerpen.de\/wordpress\/wp-json\/wp\/v2\/types\/page"}],"author":[{"embeddable":true,"href":"https:\/\/aks-kerpen.de\/wordpress\/wp-json\/wp\/v2\/users\/5"}],"replies":[{"embeddable":true,"href":"https:\/\/aks-kerpen.de\/wordpress\/wp-json\/wp\/v2\/comments?post=1374"}],"version-history":[{"count":0,"href":"https:\/\/aks-kerpen.de\/wordpress\/wp-json\/wp\/v2\/pages\/1374\/revisions"}],"up":[{"embeddable":true,"href":"https:\/\/aks-kerpen.de\/wordpress\/wp-json\/wp\/v2\/pages\/193"}],"wp:attachment":[{"href":"https:\/\/aks-kerpen.de\/wordpress\/wp-json\/wp\/v2\/media?parent=1374"}],"curies":[{"name":"wp","href":"https:\/\/api.w.org\/{rel}","templated":true}]}}