{"id":124,"date":"2020-01-13T17:07:42","date_gmt":"2020-01-13T17:07:42","guid":{"rendered":"https:\/\/aks-kerpen.de\/wordpress\/?page_id=124"},"modified":"2025-02-17T10:15:06","modified_gmt":"2025-02-17T10:15:06","slug":"schuelergarten-e-v","status":"publish","type":"page","link":"https:\/\/aks-kerpen.de\/wordpress\/schuelergarten-e-v\/","title":{"rendered":"Sch\u00fclergarten"},"content":{"rendered":"\n<p>Der Sch\u00fclergarten gGmbH bietet unter folgendem Link den Antrag f\u00fcr die Mittagsverpflegung an.<\/p>\n\n\n\n<p><a href=\"https:\/\/docs.google.com\/forms\/d\/e\/1FAIpQLScWLNPLBqwebyLkLdIrBKE1URYuicvDSQxEJQv2BfFLf7lKyw\/viewform?usp=preview\">Antrag f\u00fcr das Mittagessen an der Adolph-Kolping-Schule<\/a><\/p>\n\n\n\n<p>Der Vertrag f\u00fcr das Mittagessen wird Ihnen anschlie\u00dfend per Post oder per E-Mail zugesendet.<\/p>\n\n\n\n<h2 class=\"wp-block-heading\" id=\"schulergarten-stellt-sich-vor\">Der Sch\u00fclergarten stellt sich vor&#8230;<\/h2>\n\n\n\n<p>Seit mehr als 10 Jahren besch\u00e4ftigen wir uns im Sch\u00fclergarten mit au\u00dferunterrichtlichen Angeboten an Schulen im Rhein-Erft-Kreis.<br>Als gemeinn\u00fctziger Tr\u00e4ger der Jugendhilfe liegt uns eine vielseitige und abwechslungsreiche Gestaltung von freizeitp\u00e4dagogischen Angeboten am Herzen.<br>Uns als Tr\u00e4ger des Ganztags ist es besonders wichtig, durch unser Programm einen Beitrag dazu zu leisten, dass sich die Sch\u00fclerinnen und Sch\u00fcler der Adolph-Kolping-Schule an ihrer Schule wohlf\u00fchlen.<br>Dar\u00fcber hinaus orientiert sich unsere p\u00e4dagogische Arbeit selbstverst\u00e4ndlich an den Leits\u00e4tzen der Schule.<\/p>\n\n\n\n<p>Unsere Ansprechpartner an der Adolph-Kolping-Schule<\/p>\n\n\n\n<p>Herr Siegmeyer &#8211; Koordinator vor Ort<\/p>\n\n\n\n<p>Telefon 0170 1763990<\/p>\n\n\n\n<p><strong>Sch\u00fclergarten <\/strong>gGmbH<\/p>\n\n\n\n<p>Beisselsstra\u00dfe 16<br>50169 Kerpen<\/p>\n\n\n\n<p>Telefon \u00a0 \u00a002273 604700<\/p>\n\n\n\n<p>Email &nbsp; &nbsp; &nbsp;&#105;n&#102;o&#64;s&#x63;h&#x75;e&#x6c;e&#x72;g&#x61;r&#x74;e&#x6e;&#46;&#x64;e<br>Internet &nbsp;www.schuelergarten.de<\/p>\n\n\n\n<h3 class=\"wp-block-heading\" id=\"wann-was-wo\">Wann? Was? Wo?<\/h3>\n\n\n\n<h5 class=\"wp-block-heading\" id=\"montags-und-mittwochs\">Montags und Mittwochs<\/h5>\n\n\n\n<p>F\u00f6rderangebote \u00a0 \u00a0 \u00a0 \u00a011:45 \u00a0Uhr \u00a0bis \u00a012:30 Uhr<br>Pausenangebote \u00a0 \u00a0 \u00a0 12:30 Uhr \u00a0bis \u00a013:30 Uhr<\/p>\n\n\n\n<h5 class=\"wp-block-heading\" id=\"dienstags\">Dienstags<\/h5>\n\n\n\n<p>Pausenangebote \u00a0 \u00a0 \u00a0   13:15 Uhr \u00a0bis \u00a013:45 Uhr<br>AG-Angebote \u00a0 \u00a0 \u00a0 \u00a0 \u00a0 \u00a013:45 Uhr \u00a0bis \u00a015:00 Uhr<\/p>\n\n\n\n<h5 class=\"wp-block-heading\" id=\"donnerstags\">Donnerstags<\/h5>\n\n\n\n<p>F\u00f6rderangebote \u00a0 \u00a0 \u00a0 11:45 Uhr bis 12:30 Uhr<br>Lernzeit \u00a0 \u00a0 \u00a0 \u00a0 \u00a0 \u00a0 \u00a0 \u00a0 \u00a0 11:45 Uhr\u00a0bis 12:30 Uhr<br>Pausenangebote \u00a0 \u00a0   12:30 Uhr\u00a0bis 13:30 Uhr<br>AG-Angebote \u00a0 \u00a0 \u00a0 \u00a0  13:30 Uhr bis 15:00 Uhr<\/p>\n\n\n\n<p>Auf dem Schulhof und in den Geb\u00e4uden finden w\u00e4hrend der Mittagspause offene Angebote zur aktiven Gestaltung der Pause statt.<br>Die Mittagspause kann  zum Spielen, Spa\u00df haben und Sport machen genutzt werden oder auch einfach nur zum Chillen.<\/p>\n\n\n\n<h3 class=\"wp-block-heading\" id=\"forderangebote\">F\u00f6rderangebote<\/h3>\n\n\n\n<p>Mit Beginn des Schuljahres bieten wir t\u00e4glich F\u00f6rderstunden in den F\u00e4chern Mathe, Deutsch und Englisch angeboten.<br>In diesen F\u00f6rderstunden wird in Kleingruppen mit 3 Sch\u00fclerinnen und Sch\u00fclern einzelner Jahrgangsstufen gearbeitet.<br>Die Sch\u00fclerinnen und Sch\u00fcler werden von unseren p\u00e4dagogischen Fachkr\u00e4ften begleitet und unterst\u00fctzt. Dabei werden M\u00f6glichkeiten zur Wiederholung und Aufbereitung des schulischen Lernstoffs gegeben.<\/p>\n\n\n\n<h3 class=\"wp-block-heading\" id=\"pausenangebote-und-ags\">Pausenangebote und AGs<\/h3>\n\n\n\n<h5 class=\"wp-block-heading\" id=\"indoor-activities\">Indoor Activities<\/h5>\n\n\n\n<ul class=\"wp-block-list\">\n<li>Tischtennis<\/li>\n\n\n\n<li>Kicker und Billard<\/li>\n\n\n\n<li>Kreatives<\/li>\n\n\n\n<li>Tanzen und Theater<\/li>\n\n\n\n<li>Musik und Musical<\/li>\n\n\n\n<li>Sch\u00fclerzeitung<\/li>\n\n\n\n<li>Kochen und Backen<\/li>\n\n\n\n<li>Lesen und Chillen<\/li>\n\n\n\n<li>Malen und Zeichnen<\/li>\n<\/ul>\n\n\n\n<h5 class=\"wp-block-heading\" id=\"indoor-sports\">Indoor Sports<\/h5>\n\n\n\n<ul class=\"wp-block-list\">\n<li>Volleyball<\/li>\n\n\n\n<li>Boxfitness<\/li>\n\n\n\n<li>Fu\u00dfball Jungs<\/li>\n\n\n\n<li>Fu\u00dfball M\u00e4dchen<\/li>\n\n\n\n<li>Basketball<\/li>\n\n\n\n<li>Handball<\/li>\n\n\n\n<li>Schwimmen<\/li>\n\n\n\n<li>Krafttraining<\/li>\n<\/ul>\n\n\n\n<h5 class=\"wp-block-heading\" id=\"outdoor-action\">Outdoor Action<\/h5>\n\n\n\n<ul class=\"wp-block-list\">\n<li>Hockey<\/li>\n\n\n\n<li>Fu\u00dfball<\/li>\n\n\n\n<li>Basketball u. v. m.<\/li>\n<\/ul>\n","protected":false},"excerpt":{"rendered":"<p>Der Sch\u00fclergarten gGmbH bietet unter folgendem Link den Antrag f\u00fcr die Mittagsverpflegung an. Antrag f\u00fcr das Mittagessen an der Adolph-Kolping-Schule Der Vertrag f\u00fcr das Mittagessen wird Ihnen anschlie\u00dfend per Post oder per E-Mail zugesendet. Der Sch\u00fclergarten stellt sich vor&#8230; Seit mehr als 10 Jahren besch\u00e4ftigen wir uns im Sch\u00fclergarten mit au\u00dferunterrichtlichen Angeboten an Schulen im [&hellip;]<\/p>\n","protected":false},"author":1,"featured_media":0,"parent":0,"menu_order":0,"comment_status":"closed","ping_status":"closed","template":"","meta":{"footnotes":""},"class_list":["post-124","page","type-page","status-publish","hentry"],"_links":{"self":[{"href":"https:\/\/aks-kerpen.de\/wordpress\/wp-json\/wp\/v2\/pages\/124","targetHints":{"allow":["GET"]}}],"collection":[{"href":"https:\/\/aks-kerpen.de\/wordpress\/wp-json\/wp\/v2\/pages"}],"about":[{"href":"https:\/\/aks-kerpen.de\/wordpress\/wp-json\/wp\/v2\/types\/page"}],"author":[{"embeddable":true,"href":"https:\/\/aks-kerpen.de\/wordpress\/wp-json\/wp\/v2\/users\/1"}],"replies":[{"embeddable":true,"href":"https:\/\/aks-kerpen.de\/wordpress\/wp-json\/wp\/v2\/comments?post=124"}],"version-history":[{"count":0,"href":"https:\/\/aks-kerpen.de\/wordpress\/wp-json\/wp\/v2\/pages\/124\/revisions"}],"wp:attachment":[{"href":"https:\/\/aks-kerpen.de\/wordpress\/wp-json\/wp\/v2\/media?parent=124"}],"curies":[{"name":"wp","href":"https:\/\/api.w.org\/{rel}","templated":true}]}}